{"id":130830,"date":"2026-02-22T15:23:06","date_gmt":"2026-02-22T15:23:06","guid":{"rendered":"https:\/\/tanzsportclub-frankfurt-oder.de\/?page_id=130830"},"modified":"2026-02-22T16:11:23","modified_gmt":"2026-02-22T16:11:23","slug":"unser-raum","status":"publish","type":"page","link":"https:\/\/tanzsportclub-frankfurt-oder.de\/en\/unser-raum","title":{"rendered":"Trai\u00adnings\u00adraum"},"content":{"rendered":"<div data-colibri-id=\"130830-c1\" class=\"style-3223 style-local-130830-c1 position-relative\">\n  <!---->\n  <div data-colibri-component=\"section\" data-colibri-id=\"130830-c2\" id=\"custom\" class=\"h-section h-section-global-spacing d-flex align-items-lg-center align-items-md-center align-items-center style-3230 style-local-130830-c2 position-relative\">\n    <!---->\n    <!---->\n    <div class=\"h-section-grid-container h-section-boxed-container\">\n      <!---->\n      <div data-colibri-id=\"130830-c3\" class=\"h-row-container gutters-row-lg-2 gutters-row-md-2 gutters-row-0 gutters-row-v-lg-2 gutters-row-v-md-2 gutters-row-v-2 style-3231 style-local-130830-c3 position-relative\">\n        <!---->\n        <div class=\"h-row justify-content-lg-center justify-content-md-center justify-content-center align-items-lg-stretch align-items-md-stretch align-items-stretch gutters-col-lg-2 gutters-col-md-2 gutters-col-0 gutters-col-v-lg-2 gutters-col-v-md-2 gutters-col-v-2\">\n          <!---->\n          <div class=\"h-column h-column-container d-flex h-col-lg-auto h-col-md-auto h-col-auto style-3232-outer style-local-130830-c4-outer\">\n            <div data-colibri-id=\"130830-c4\" class=\"d-flex h-flex-basis h-column__inner h-px-lg-2 h-px-md-2 h-px-2 v-inner-lg-2 v-inner-md-2 v-inner-2 style-3232 style-local-130830-c4 position-relative\">\n              <!---->\n              <!---->\n              <div class=\"w-100 h-y-container h-column__content h-column__v-align flex-basis-100 align-self-lg-start align-self-md-start align-self-start\">\n                <!---->\n                <div data-colibri-id=\"130830-c5\" class=\"h-text h-text-component style-3233 style-local-130830-c5 position-relative h-element\">\n                  <!---->\n                  <!---->\n                  <div class>\n                    <h1><strong>Unser Ver\u00adeins\u00adraum:<\/strong><\/h1>\n                  <\/div>\n                <\/div>\n              <\/div>\n            <\/div>\n          <\/div>\n          <div class=\"h-column h-column-container d-flex h-col-lg-auto h-col-md-auto h-col-auto style-3232-outer style-local-130830-c6-outer\">\n            <div data-colibri-id=\"130830-c6\" class=\"d-flex h-flex-basis h-column__inner h-px-lg-2 h-px-md-2 h-px-2 v-inner-lg-2 v-inner-md-2 v-inner-2 style-3232 style-local-130830-c6 position-relative\">\n              <!---->\n              <!---->\n              <div class=\"w-100 h-y-container h-column__content h-column__v-align flex-basis-100 align-self-lg-start align-self-md-start align-self-start\">\n                <!---->\n                <div data-colibri-id=\"130830-c7\" class=\"h-text h-text-component style-3241 style-local-130830-c7 position-relative h-element\">\n                  <!---->\n                  <!---->\n                  <div class>\n                    <p><span style=\"color: rgb(1, 1, 1);\">Unser Trai\u00adnings\u00adraum ist das Herz\u00adst\u00fcck unse\u00adres Ver\u00adeins\u00adle\u00adbens. Auf gro\u00df\u00adz\u00fc\u00adgi\u00adger Tanz\u00adfl\u00e4\u00adche mit Spie\u00adgel\u00adwand und Musik\u00adan\u00adla\u00adge ent\u00adste\u00adhen hier Schritt f\u00fcr Schritt neue Cho\u00adreo\u00adgra\u00adfien, sport\u00adli\u00adche Erfol\u00adge und gemein\u00adsa\u00adme Momente.<br><\/span><\/p>\n                    <p><span style=\"color: rgb(1, 1, 1);\">Neben opti\u00adma\u00adlen Trai\u00adnings\u00adbe\u00addin\u00adgun\u00adgen sor\u00adgen sani\u00adt\u00e4\u00adre Ein\u00adrich\u00adtun\u00adgen, eine gem\u00fct\u00adli\u00adche Kaf\u00adfee\u00adbar, ein K\u00fchl\u00adschrank sowie ein gro\u00ad\u00dfer Tisch\u00adbe\u00adreich f\u00fcr ent\u00adspann\u00adte Pau\u00adsen zwi\u00adschen den Tanz\u00adrun\u00adden. Ob inten\u00adsi\u00adves Trai\u00adning oder gesel\u00adli\u00adges Bei\u00adsam\u00admen\u00adsein \u2013 die\u00adser Raum bie\u00adtet den per\u00adfek\u00adten Rah\u00admen f\u00fcr beides.<\/span><\/p>\n                    <p><span style=\"color: rgb(1, 1, 1);\">Ent\u00adde\u00adcken Sie selbst den Ort, an dem Lei\u00adden\u00adschaft tanzt.<\/span><\/p>\n                  <\/div>\n                <\/div>\n              <\/div>\n            <\/div>\n          <\/div>\n        <\/div>\n      <\/div>\n    <\/div>\n  <\/div>\n  <div data-colibri-component=\"section\" data-colibri-id=\"130830-c8\" id=\"custom-2\" class=\"h-section h-section-global-spacing d-flex align-items-lg-center align-items-md-center align-items-center style-3296 style-local-130830-c8 position-relative\">\n    <!---->\n    <!---->\n    <div class=\"h-section-grid-container h-section-boxed-container\">\n      <!---->\n      <div data-colibri-id=\"130830-c9\" class=\"h-row-container gutters-row-lg-2 gutters-row-md-2 gutters-row-0 gutters-row-v-lg-2 gutters-row-v-md-2 gutters-row-v-2 style-3297 style-local-130830-c9 position-relative\">\n        <!---->\n        <div class=\"h-row justify-content-lg-center justify-content-md-center justify-content-center align-items-lg-stretch align-items-md-stretch align-items-stretch gutters-col-lg-2 gutters-col-md-2 gutters-col-0 gutters-col-v-lg-2 gutters-col-v-md-2 gutters-col-v-2\">\n          <!---->\n          <div class=\"h-column h-column-container d-flex h-col-lg-auto h-col-md-auto h-col-auto style-3298-outer style-local-130830-c10-outer\">\n            <div data-colibri-id=\"130830-c10\" class=\"d-flex h-flex-basis h-column__inner h-px-lg-2 h-px-md-2 h-px-2 v-inner-lg-2 v-inner-md-2 v-inner-2 style-3298 style-local-130830-c10 position-relative\">\n              <!---->\n              <!---->\n              <div class=\"w-100 h-y-container h-column__content h-column__v-align flex-basis-100 align-self-lg-start align-self-md-start align-self-start\">\n                <!---->\n                <div data-colibri-id=\"130830-c11\" class=\"style-3299 style-local-130830-c11 position-relative h-element\">\n                  <!---->\n                  <div class><div id=\"metaslider-id-130912\" style=\"max-width: 1920px;\" class=\"ml-slider-3-107-0 metaslider metaslider-flex metaslider-130912 ml-slider has-dots-nav ms-theme-default-base\" role=\"region\" aria-label=\"New Slideshow\" data-height=\"1080\" data-width=\"1920\">\n    <div id=\"metaslider_container_130912\">\n        <div id=\"metaslider_130912\">\n            <ul aria-live=\"off\" class=\"slides\">\n                <li style=\"display: block; width: 100%;\" class=\"slide-130914 ms-image\" aria-roledescription=\"slide\" data-date=\"2026-02-22 15:53:40\" data-filename=\"DSC_5205-scaled-1884x1060.jpg\" data-slide-type=\"image\"><img decoding=\"async\" data-src=\"https:\/\/tanzsportclub-frankfurt-oder.de\/wp-content\/uploads\/2026\/02\/DSC_5205-scaled-1884x1060.jpg\" height=\"1080\" width=\"1920\" alt class=\"slider-130912 slide-130914 msDefaultImage lazyload\" title=\"DSC_5205\" src=\"data:image\/svg+xml;base64,PHN2ZyB3aWR0aD0iMSIgaGVpZ2h0PSIxIiB4bWxucz0iaHR0cDovL3d3dy53My5vcmcvMjAwMC9zdmciPjwvc3ZnPg==\" style=\"--smush-placeholder-width: 1920px; --smush-placeholder-aspect-ratio: 1920\/1080;\"><\/li>\n                <li style=\"display: none; width: 100%;\" class=\"slide-130913 ms-image\" aria-roledescription=\"slide\" data-date=\"2026-02-22 15:53:11\" data-filename=\"DSC_5206-scaled-1920x1080.jpg\" data-slide-type=\"image\"><img decoding=\"async\" data-src=\"https:\/\/tanzsportclub-frankfurt-oder.de\/wp-content\/uploads\/2026\/02\/DSC_5206-scaled-1920x1080.jpg\" height=\"1080\" width=\"1920\" alt class=\"slider-130912 slide-130913 msDefaultImage lazyload\" title=\"DSC_5206\" src=\"data:image\/svg+xml;base64,PHN2ZyB3aWR0aD0iMSIgaGVpZ2h0PSIxIiB4bWxucz0iaHR0cDovL3d3dy53My5vcmcvMjAwMC9zdmciPjwvc3ZnPg==\" style=\"--smush-placeholder-width: 1920px; --smush-placeholder-aspect-ratio: 1920\/1080;\"><\/li>\n                <li style=\"display: none; width: 100%;\" class=\"slide-130915 ms-image\" aria-roledescription=\"slide\" data-date=\"2026-02-22 15:54:05\" data-filename=\"DSC_5241-scaled-1920x1080.jpg\" data-slide-type=\"image\"><img decoding=\"async\" data-src=\"https:\/\/tanzsportclub-frankfurt-oder.de\/wp-content\/uploads\/2026\/02\/DSC_5241-scaled-1920x1080.jpg\" height=\"1080\" width=\"1920\" alt class=\"slider-130912 slide-130915 msDefaultImage lazyload\" title=\"DSC_5241\" src=\"data:image\/svg+xml;base64,PHN2ZyB3aWR0aD0iMSIgaGVpZ2h0PSIxIiB4bWxucz0iaHR0cDovL3d3dy53My5vcmcvMjAwMC9zdmciPjwvc3ZnPg==\" style=\"--smush-placeholder-width: 1920px; --smush-placeholder-aspect-ratio: 1920\/1080;\"><\/li>\n                <li style=\"display: none; width: 100%;\" class=\"slide-130921 ms-image\" aria-roledescription=\"slide\" data-date=\"2026-02-22 15:54:21\" data-filename=\"DSC_5212-scaled-1920x1080.jpg\" data-slide-type=\"image\"><img decoding=\"async\" data-src=\"https:\/\/tanzsportclub-frankfurt-oder.de\/wp-content\/uploads\/2026\/02\/DSC_5212-scaled-1920x1080.jpg\" height=\"1080\" width=\"1920\" alt class=\"slider-130912 slide-130921 msDefaultImage lazyload\" title=\"DSC_5212\" src=\"data:image\/svg+xml;base64,PHN2ZyB3aWR0aD0iMSIgaGVpZ2h0PSIxIiB4bWxucz0iaHR0cDovL3d3dy53My5vcmcvMjAwMC9zdmciPjwvc3ZnPg==\" style=\"--smush-placeholder-width: 1920px; --smush-placeholder-aspect-ratio: 1920\/1080;\"><\/li>\n                <li style=\"display: none; width: 100%;\" class=\"slide-130922 ms-image\" aria-roledescription=\"slide\" data-date=\"2026-02-22 15:54:32\" data-filename=\"DSC_5219-scaled-1920x1080.jpg\" data-slide-type=\"image\"><img decoding=\"async\" data-src=\"https:\/\/tanzsportclub-frankfurt-oder.de\/wp-content\/uploads\/2026\/02\/DSC_5219-scaled-1920x1080.jpg\" height=\"1080\" width=\"1920\" alt class=\"slider-130912 slide-130922 msDefaultImage lazyload\" title=\"DSC_5219\" src=\"data:image\/svg+xml;base64,PHN2ZyB3aWR0aD0iMSIgaGVpZ2h0PSIxIiB4bWxucz0iaHR0cDovL3d3dy53My5vcmcvMjAwMC9zdmciPjwvc3ZnPg==\" style=\"--smush-placeholder-width: 1920px; --smush-placeholder-aspect-ratio: 1920\/1080;\"><\/li>\n                <li style=\"display: none; width: 100%;\" class=\"slide-130923 ms-image\" aria-roledescription=\"slide\" data-date=\"2026-02-22 15:54:44\" data-filename=\"DSC_5215-scaled-1920x1080.jpg\" data-slide-type=\"image\"><img decoding=\"async\" data-src=\"https:\/\/tanzsportclub-frankfurt-oder.de\/wp-content\/uploads\/2026\/02\/DSC_5215-scaled-1920x1080.jpg\" height=\"1080\" width=\"1920\" alt class=\"slider-130912 slide-130923 msDefaultImage lazyload\" title=\"DSC_5215\" src=\"data:image\/svg+xml;base64,PHN2ZyB3aWR0aD0iMSIgaGVpZ2h0PSIxIiB4bWxucz0iaHR0cDovL3d3dy53My5vcmcvMjAwMC9zdmciPjwvc3ZnPg==\" style=\"--smush-placeholder-width: 1920px; --smush-placeholder-aspect-ratio: 1920\/1080;\"><\/li>\n                <li style=\"display: none; width: 100%;\" class=\"slide-130924 ms-image\" aria-roledescription=\"slide\" data-date=\"2026-02-22 15:54:53\" data-filename=\"DSC_5221-scaled-1920x1080.jpg\" data-slide-type=\"image\"><img decoding=\"async\" data-src=\"https:\/\/tanzsportclub-frankfurt-oder.de\/wp-content\/uploads\/2026\/02\/DSC_5221-scaled-1920x1080.jpg\" height=\"1080\" width=\"1920\" alt class=\"slider-130912 slide-130924 msDefaultImage lazyload\" title=\"DSC_5221\" src=\"data:image\/svg+xml;base64,PHN2ZyB3aWR0aD0iMSIgaGVpZ2h0PSIxIiB4bWxucz0iaHR0cDovL3d3dy53My5vcmcvMjAwMC9zdmciPjwvc3ZnPg==\" style=\"--smush-placeholder-width: 1920px; --smush-placeholder-aspect-ratio: 1920\/1080;\"><\/li>\n                <li style=\"display: none; width: 100%;\" class=\"slide-130935 ms-image\" aria-roledescription=\"slide\" data-date=\"2026-02-22 15:57:09\" data-filename=\"DSC_5242-scaled-1920x1080.jpg\" data-slide-type=\"image\"><img decoding=\"async\" data-src=\"https:\/\/tanzsportclub-frankfurt-oder.de\/wp-content\/uploads\/2026\/02\/DSC_5242-scaled-1920x1080.jpg\" height=\"1080\" width=\"1920\" alt class=\"slider-130912 slide-130935 msDefaultImage lazyload\" title=\"DSC_5242\" src=\"data:image\/svg+xml;base64,PHN2ZyB3aWR0aD0iMSIgaGVpZ2h0PSIxIiB4bWxucz0iaHR0cDovL3d3dy53My5vcmcvMjAwMC9zdmciPjwvc3ZnPg==\" style=\"--smush-placeholder-width: 1920px; --smush-placeholder-aspect-ratio: 1920\/1080;\"><\/li>\n            <\/ul>\n        <\/div>\n        \n    <\/div>\n<\/div><\/div>\n                <\/div>\n              <\/div>\n            <\/div>\n          <\/div>\n        <\/div>\n      <\/div>\n      <div data-colibri-id=\"130830-c12\" class=\"h-row-container gutters-row-lg-2 gutters-row-md-2 gutters-row-0 gutters-row-v-lg-2 gutters-row-v-md-2 gutters-row-v-2 style-3300 style-local-130830-c12 position-relative\">\n        <!---->\n        <div class=\"h-row justify-content-lg-center justify-content-md-center justify-content-center align-items-lg-stretch align-items-md-stretch align-items-stretch gutters-col-lg-2 gutters-col-md-2 gutters-col-0 gutters-col-v-lg-2 gutters-col-v-md-2 gutters-col-v-2\">\n          <!---->\n          <div class=\"h-column h-column-container d-flex h-col-lg-6 h-col-md-6 h-col-12 style-3301-outer style-local-130830-c13-outer\">\n            <div data-colibri-id=\"130830-c13\" class=\"d-flex h-flex-basis h-column__inner h-px-lg-2 h-px-md-2 h-px-2 v-inner-lg-2 v-inner-md-2 v-inner-2 style-3301 style-local-130830-c13 position-relative\">\n              <!---->\n              <!---->\n              <div class=\"w-100 h-y-container h-column__content h-column__v-align flex-basis-100 align-self-lg-start align-self-md-start align-self-start\">\n                <!---->\n                <div data-colibri-id=\"130830-c15\" class=\"h-text h-text-component style-3303 style-local-130830-c15 position-relative h-element\">\n                  <!---->\n                  <!---->\n                  <div class>\n                    <p>Bil\u00adder: Georg Winzer<\/p>\n                  <\/div>\n                <\/div>\n              <\/div>\n            <\/div>\n          <\/div>\n        <\/div>\n      <\/div>\n    <\/div>\n  <\/div>\n<\/div>","protected":false},"excerpt":{"rendered":"<p>Unser Vereinsraum: Unser Trainingsraum ist das Herzst\u00fcck unseres Vereinslebens. Auf gro\u00dfz\u00fcgiger Tanzfl\u00e4che mit Spiegelwand und Musikanlage entstehen hier Schritt f\u00fcr Schritt neue Choreografien, sportliche Erfolge und gemeinsame Momente. Neben optimalen Trainingsbedingungen sorgen sanit\u00e4re Einrichtungen, eine gem\u00fctliche Kaffeebar, ein K\u00fchlschrank sowie ein gro\u00dfer Tischbereich f\u00fcr entspannte Pausen zwischen den Tanzrunden. Ob intensives Training oder geselliges Beisammensein [&hellip;]<\/p>\n","protected":false},"author":2,"featured_media":0,"parent":0,"menu_order":0,"comment_status":"closed","ping_status":"closed","template":"page-templates\/full-width-page.php","meta":{"wp_typography_post_enhancements_disabled":false,"footnotes":""},"class_list":["post-130830","page","type-page","status-publish","hentry"],"yoast_head":"<!-- This site is optimized with the Yoast SEO plugin v27.3 - https:\/\/yoast.com\/product\/yoast-seo-wordpress\/ -->\n<title>Trainingsraum | 1. Tanzsportclub Frankfurt (Oder) e.V.<\/title>\n<meta name=\"robots\" content=\"index, follow, max-snippet:-1, max-image-preview:large, max-video-preview:-1\" \/>\n<link rel=\"canonical\" href=\"https:\/\/tanzsportclub-frankfurt-oder.de\/en\/unser-raum\/\" \/>\n<meta property=\"og:locale\" content=\"en_GB\" \/>\n<meta property=\"og:type\" content=\"article\" \/>\n<meta property=\"og:title\" content=\"Trainingsraum | 1. Tanzsportclub Frankfurt (Oder) e.V.\" \/>\n<meta property=\"og:description\" content=\"Unser Vereinsraum: Unser Trainingsraum ist das Herzst\u00fcck unseres Vereinslebens. Auf gro\u00dfz\u00fcgiger Tanzfl\u00e4che mit Spiegelwand und Musikanlage entstehen hier Schritt f\u00fcr Schritt neue Choreografien, sportliche Erfolge und gemeinsame Momente. Neben optimalen Trainingsbedingungen sorgen sanit\u00e4re Einrichtungen, eine gem\u00fctliche Kaffeebar, ein K\u00fchlschrank sowie ein gro\u00dfer Tischbereich f\u00fcr entspannte Pausen zwischen den Tanzrunden. Ob intensives Training oder geselliges Beisammensein [&hellip;]\" \/>\n<meta property=\"og:url\" content=\"https:\/\/tanzsportclub-frankfurt-oder.de\/en\/unser-raum\/\" \/>\n<meta property=\"og:site_name\" content=\"1. Tanzsportclub Frankfurt (Oder) e.V.\" \/>\n<meta property=\"article:publisher\" content=\"https:\/\/www.facebook.com\/Tanzsportclubffo\" \/>\n<meta property=\"article:modified_time\" content=\"2026-02-22T16:11:23+00:00\" \/>\n<meta name=\"twitter:card\" content=\"summary_large_image\" \/>\n<script type=\"application\/ld+json\" class=\"yoast-schema-graph\">{\"@context\":\"https:\\\/\\\/schema.org\",\"@graph\":[{\"@type\":\"WebPage\",\"@id\":\"https:\\\/\\\/tanzsportclub-frankfurt-oder.de\\\/unser-raum\",\"url\":\"https:\\\/\\\/tanzsportclub-frankfurt-oder.de\\\/unser-raum\",\"name\":\"Trainingsraum | 1. Tanzsportclub Frankfurt (Oder) e.V.\",\"isPartOf\":{\"@id\":\"https:\\\/\\\/tanzsportclub-frankfurt-oder.de\\\/#website\"},\"datePublished\":\"2026-02-22T15:23:06+00:00\",\"dateModified\":\"2026-02-22T16:11:23+00:00\",\"breadcrumb\":{\"@id\":\"https:\\\/\\\/tanzsportclub-frankfurt-oder.de\\\/unser-raum#breadcrumb\"},\"inLanguage\":\"en-GB\",\"potentialAction\":[{\"@type\":\"ReadAction\",\"target\":[\"https:\\\/\\\/tanzsportclub-frankfurt-oder.de\\\/unser-raum\"]}]},{\"@type\":\"BreadcrumbList\",\"@id\":\"https:\\\/\\\/tanzsportclub-frankfurt-oder.de\\\/unser-raum#breadcrumb\",\"itemListElement\":[{\"@type\":\"ListItem\",\"position\":1,\"name\":\"Startseite\",\"item\":\"https:\\\/\\\/tanzsportclub-frankfurt-oder.de\\\/\"},{\"@type\":\"ListItem\",\"position\":2,\"name\":\"Trainingsraum\"}]},{\"@type\":\"WebSite\",\"@id\":\"https:\\\/\\\/tanzsportclub-frankfurt-oder.de\\\/#website\",\"url\":\"https:\\\/\\\/tanzsportclub-frankfurt-oder.de\\\/\",\"name\":\"1. Tanzsportclub Frankfurt (Oder) e.V.\",\"description\":\"Tanzen aus Leidenschaft\",\"publisher\":{\"@id\":\"https:\\\/\\\/tanzsportclub-frankfurt-oder.de\\\/#organization\"},\"potentialAction\":[{\"@type\":\"SearchAction\",\"target\":{\"@type\":\"EntryPoint\",\"urlTemplate\":\"https:\\\/\\\/tanzsportclub-frankfurt-oder.de\\\/?s={search_term_string}\"},\"query-input\":{\"@type\":\"PropertyValueSpecification\",\"valueRequired\":true,\"valueName\":\"search_term_string\"}}],\"inLanguage\":\"en-GB\"},{\"@type\":\"Organization\",\"@id\":\"https:\\\/\\\/tanzsportclub-frankfurt-oder.de\\\/#organization\",\"name\":\"1. Tanzsportclub Frankfurt (Oder) e.V.\",\"url\":\"https:\\\/\\\/tanzsportclub-frankfurt-oder.de\\\/\",\"logo\":{\"@type\":\"ImageObject\",\"inLanguage\":\"en-GB\",\"@id\":\"https:\\\/\\\/tanzsportclub-frankfurt-oder.de\\\/#\\\/schema\\\/logo\\\/image\\\/\",\"url\":\"https:\\\/\\\/tanzsportclub-frankfurt-oder.de\\\/wp-content\\\/uploads\\\/2021\\\/10\\\/cropped-cropped-Element-7@4x.png\",\"contentUrl\":\"https:\\\/\\\/tanzsportclub-frankfurt-oder.de\\\/wp-content\\\/uploads\\\/2021\\\/10\\\/cropped-cropped-Element-7@4x.png\",\"width\":2334,\"height\":2047,\"caption\":\"1. Tanzsportclub Frankfurt (Oder) e.V.\"},\"image\":{\"@id\":\"https:\\\/\\\/tanzsportclub-frankfurt-oder.de\\\/#\\\/schema\\\/logo\\\/image\\\/\"},\"sameAs\":[\"https:\\\/\\\/www.facebook.com\\\/Tanzsportclubffo\",\"https:\\\/\\\/www.instagram.com\\\/tanzsportclub_frankfurt_oder\\\/\",\"https:\\\/\\\/www.linkedin.com\\\/company\\\/1-tanzsportclub-frankfurt-oder-e-v\"]}]}<\/script>\n<!-- \/ Yoast SEO plugin. -->","yoast_head_json":{"title":"Trai\u00adnings\u00adraum | 1. Tanz\u00adsport\u00adclub Frank\u00adfurt (Oder) e.V.","robots":{"index":"index","follow":"follow","max-snippet":"max-snippet:-1","max-image-preview":"max-image-preview:large","max-video-preview":"max-video-preview:-1"},"canonical":"https:\/\/tanzsportclub-frankfurt-oder.de\/en\/unser-raum\/","og_locale":"en_GB","og_type":"article","og_title":"Trainingsraum | 1. Tanzsportclub Frankfurt (Oder) e.V.","og_description":"Unser Vereinsraum: Unser Trainingsraum ist das Herzst\u00fcck unseres Vereinslebens. Auf gro\u00dfz\u00fcgiger Tanzfl\u00e4che mit Spiegelwand und Musikanlage entstehen hier Schritt f\u00fcr Schritt neue Choreografien, sportliche Erfolge und gemeinsame Momente. Neben optimalen Trainingsbedingungen sorgen sanit\u00e4re Einrichtungen, eine gem\u00fctliche Kaffeebar, ein K\u00fchlschrank sowie ein gro\u00dfer Tischbereich f\u00fcr entspannte Pausen zwischen den Tanzrunden. Ob intensives Training oder geselliges Beisammensein [&hellip;]","og_url":"https:\/\/tanzsportclub-frankfurt-oder.de\/en\/unser-raum\/","og_site_name":"1. Tanzsportclub Frankfurt (Oder) e.V.","article_publisher":"https:\/\/www.facebook.com\/Tanzsportclubffo","article_modified_time":"2026-02-22T16:11:23+00:00","twitter_card":"summary_large_image","schema":{"@context":"https:\/\/schema.org","@graph":[{"@type":"WebPage","@id":"https:\/\/tanzsportclub-frankfurt-oder.de\/unser-raum","url":"https:\/\/tanzsportclub-frankfurt-oder.de\/unser-raum","name":"Trai\u00adnings\u00adraum | 1. Tanz\u00adsport\u00adclub Frank\u00adfurt (Oder) e.V.","isPartOf":{"@id":"https:\/\/tanzsportclub-frankfurt-oder.de\/#website"},"datePublished":"2026-02-22T15:23:06+00:00","dateModified":"2026-02-22T16:11:23+00:00","breadcrumb":{"@id":"https:\/\/tanzsportclub-frankfurt-oder.de\/unser-raum#breadcrumb"},"inLanguage":"en-GB","potentialAction":[{"@type":"ReadAction","target":["https:\/\/tanzsportclub-frankfurt-oder.de\/unser-raum"]}]},{"@type":"BreadcrumbList","@id":"https:\/\/tanzsportclub-frankfurt-oder.de\/unser-raum#breadcrumb","itemListElement":[{"@type":"ListItem","position":1,"name":"Startseite","item":"https:\/\/tanzsportclub-frankfurt-oder.de\/"},{"@type":"ListItem","position":2,"name":"Trainingsraum"}]},{"@type":"WebSite","@id":"https:\/\/tanzsportclub-frankfurt-oder.de\/#website","url":"https:\/\/tanzsportclub-frankfurt-oder.de\/","name":"1. Dance Sports Club Frank\u00adfurt (Oder) eV","description":"Dancing with passion","publisher":{"@id":"https:\/\/tanzsportclub-frankfurt-oder.de\/#organization"},"potentialAction":[{"@type":"SearchAction","target":{"@type":"EntryPoint","urlTemplate":"https:\/\/tanzsportclub-frankfurt-oder.de\/?s={search_term_string}"},"query-input":{"@type":"PropertyValueSpecification","valueRequired":true,"valueName":"search_term_string"}}],"inLanguage":"en-GB"},{"@type":"Organization","@id":"https:\/\/tanzsportclub-frankfurt-oder.de\/#organization","name":"1. Dance Sports Club Frank\u00adfurt (Oder) eV","url":"https:\/\/tanzsportclub-frankfurt-oder.de\/","logo":{"@type":"ImageObject","inLanguage":"en-GB","@id":"https:\/\/tanzsportclub-frankfurt-oder.de\/#\/schema\/logo\/image\/","url":"https:\/\/tanzsportclub-frankfurt-oder.de\/wp-content\/uploads\/2021\/10\/cropped-cropped-Element-7@4x.png","contentUrl":"https:\/\/tanzsportclub-frankfurt-oder.de\/wp-content\/uploads\/2021\/10\/cropped-cropped-Element-7@4x.png","width":2334,"height":2047,"caption":"1. Tanzsportclub Frankfurt (Oder) e.V."},"image":{"@id":"https:\/\/tanzsportclub-frankfurt-oder.de\/#\/schema\/logo\/image\/"},"sameAs":["https:\/\/www.facebook.com\/Tanzsportclubffo","https:\/\/www.instagram.com\/tanzsportclub_frankfurt_oder\/","https:\/\/www.linkedin.com\/company\/1-tanzsportclub-frankfurt-oder-e-v"]}]}},"_links":{"self":[{"href":"https:\/\/tanzsportclub-frankfurt-oder.de\/en\/wp-json\/wp\/v2\/pages\/130830","targetHints":{"allow":["GET"]}}],"collection":[{"href":"https:\/\/tanzsportclub-frankfurt-oder.de\/en\/wp-json\/wp\/v2\/pages"}],"about":[{"href":"https:\/\/tanzsportclub-frankfurt-oder.de\/en\/wp-json\/wp\/v2\/types\/page"}],"author":[{"embeddable":true,"href":"https:\/\/tanzsportclub-frankfurt-oder.de\/en\/wp-json\/wp\/v2\/users\/2"}],"replies":[{"embeddable":true,"href":"https:\/\/tanzsportclub-frankfurt-oder.de\/en\/wp-json\/wp\/v2\/comments?post=130830"}],"version-history":[{"count":10,"href":"https:\/\/tanzsportclub-frankfurt-oder.de\/en\/wp-json\/wp\/v2\/pages\/130830\/revisions"}],"predecessor-version":[{"id":130963,"href":"https:\/\/tanzsportclub-frankfurt-oder.de\/en\/wp-json\/wp\/v2\/pages\/130830\/revisions\/130963"}],"wp:attachment":[{"href":"https:\/\/tanzsportclub-frankfurt-oder.de\/en\/wp-json\/wp\/v2\/media?parent=130830"}],"curies":[{"name":"wp","href":"https:\/\/api.w.org\/{rel}","templated":true}]}}